{"id":41,"date":"2026-04-12T05:00:24","date_gmt":"2026-04-12T03:00:24","guid":{"rendered":"https:\/\/pasticceriacucchietti.it\/www\/?post_type=product&#038;p=41"},"modified":"2026-04-14T18:15:38","modified_gmt":"2026-04-14T16:15:38","slug":"pasticcini","status":"publish","type":"product","link":"https:\/\/pasticceriacucchietti.it\/www\/prodotto\/pasticcini\/","title":{"rendered":"Pasticcini"},"content":{"rendered":"","protected":false},"excerpt":{"rendered":"<p>Grande assortimento di pasticcini in crema (pasticcera, al cioccolato, al liquore), con frutta fresca e secca o da t\u00e8.<br \/>\nTutti i nostri prodotti non contengono coloranti n\u00e8 conservanti, e sono preparati con ingredienti di alta qualit\u00e0 e possibilmente a chilometro zero.<\/p>\n","protected":false},"featured_media":71,"comment_status":"closed","ping_status":"closed","template":"","meta":[],"product_brand":[],"product_cat":[18],"product_tag":[43,44,47,41],"class_list":{"0":"post-41","1":"product","2":"type-product","3":"status-publish","4":"has-post-thumbnail","6":"product_cat-produzione","7":"product_tag-pasticceria-fresca","8":"product_tag-pasticceria-secca","9":"product_tag-pasticcini-da-te","10":"product_tag-pasticcini-in-crema","12":"first","13":"instock","14":"shipping-taxable","15":"product-type-simple"},"yoast_head":"<!-- This site is optimized with the Yoast SEO plugin v27.2 - https:\/\/yoast.com\/product\/yoast-seo-wordpress\/ -->\n<title>Pasticcini - Pasticceria Caffetteria Cucchietti<\/title>\n<meta name=\"description\" content=\"Vasto assortimento di pasticcini in crema o da t\u00e8.Tutti i nostri prodotti non contengono coloranti n\u00e8 conservanti, e sono preparati con ingredienti di alta qualit\u00e0 e possibilmente a chilometro zero.\" \/>\n<meta name=\"robots\" content=\"index, follow, max-snippet:-1, max-image-preview:large, max-video-preview:-1\" \/>\n<link rel=\"canonical\" href=\"https:\/\/pasticceriacucchietti.it\/www\/pasticcini\/\" \/>\n<meta property=\"og:locale\" content=\"it_IT\" \/>\n<meta property=\"og:type\" content=\"article\" \/>\n<meta property=\"og:title\" content=\"Pasticcini - Pasticceria Caffetteria Cucchietti\" \/>\n<meta property=\"og:description\" content=\"Vasto assortimento di pasticcini in crema o da t\u00e8.Tutti i nostri prodotti non contengono coloranti n\u00e8 conservanti, e sono preparati con ingredienti di alta qualit\u00e0 e possibilmente a chilometro zero.\" \/>\n<meta property=\"og:url\" content=\"https:\/\/pasticceriacucchietti.it\/www\/pasticcini\/\" \/>\n<meta property=\"og:site_name\" content=\"Pasticceria Caffetteria Cucchietti\" \/>\n<meta property=\"article:publisher\" content=\"https:\/\/www.facebook.com\/Pasticceria-Cucchietti-114147826980205\/\" \/>\n<meta property=\"article:modified_time\" content=\"2026-04-14T16:15:38+00:00\" \/>\n<meta property=\"og:image\" content=\"https:\/\/pasticceriacucchietti.it\/www\/images\/2019\/05\/pasticcini.jpg\" \/>\n\t<meta property=\"og:image:width\" content=\"235\" \/>\n\t<meta property=\"og:image:height\" content=\"235\" \/>\n\t<meta property=\"og:image:type\" content=\"image\/jpeg\" \/>\n<meta name=\"twitter:card\" content=\"summary_large_image\" \/>\n<meta name=\"twitter:label1\" content=\"Tempo di lettura stimato\" \/>\n\t<meta name=\"twitter:data1\" content=\"1 minuto\" \/>\n<script type=\"application\/ld+json\" class=\"yoast-schema-graph\">{\"@context\":\"https:\/\/schema.org\",\"@graph\":[{\"@type\":\"WebPage\",\"@id\":\"https:\/\/pasticceriacucchietti.it\/www\/prodotto\/pasticcini\/\",\"url\":\"https:\/\/pasticceriacucchietti.it\/www\/pasticcini\/\",\"name\":\"Pasticcini - Pasticceria Caffetteria Cucchietti\",\"isPartOf\":{\"@id\":\"https:\/\/pasticceriacucchietti.it\/www\/#website\"},\"primaryImageOfPage\":{\"@id\":\"https:\/\/pasticceriacucchietti.it\/www\/pasticcini\/#primaryimage\"},\"image\":{\"@id\":\"https:\/\/pasticceriacucchietti.it\/www\/pasticcini\/#primaryimage\"},\"thumbnailUrl\":\"https:\/\/pasticceriacucchietti.it\/www\/images\/2019\/05\/pasticcini.jpg\",\"datePublished\":\"2026-04-12T03:00:24+00:00\",\"dateModified\":\"2026-04-14T16:15:38+00:00\",\"description\":\"Vasto assortimento di pasticcini in crema o da t\u00e8.Tutti i nostri prodotti non contengono coloranti n\u00e8 conservanti, e sono preparati con ingredienti di alta qualit\u00e0 e possibilmente a chilometro zero.\",\"breadcrumb\":{\"@id\":\"https:\/\/pasticceriacucchietti.it\/www\/pasticcini\/#breadcrumb\"},\"inLanguage\":\"it-IT\",\"potentialAction\":[{\"@type\":\"ReadAction\",\"target\":[\"https:\/\/pasticceriacucchietti.it\/www\/pasticcini\/\"]}]},{\"@type\":\"ImageObject\",\"inLanguage\":\"it-IT\",\"@id\":\"https:\/\/pasticceriacucchietti.it\/www\/pasticcini\/#primaryimage\",\"url\":\"https:\/\/pasticceriacucchietti.it\/www\/images\/2019\/05\/pasticcini.jpg\",\"contentUrl\":\"https:\/\/pasticceriacucchietti.it\/www\/images\/2019\/05\/pasticcini.jpg\",\"width\":235,\"height\":235,\"caption\":\"Pasticcini Pasticceria Cucchietti Dronero\"},{\"@type\":\"BreadcrumbList\",\"@id\":\"https:\/\/pasticceriacucchietti.it\/www\/pasticcini\/#breadcrumb\",\"itemListElement\":[{\"@type\":\"ListItem\",\"position\":1,\"name\":\"Home\",\"item\":\"https:\/\/pasticceriacucchietti.it\/www\/\"},{\"@type\":\"ListItem\",\"position\":2,\"name\":\"Prodotti\",\"item\":\"https:\/\/pasticceriacucchietti.it\/www\/shop\/\"},{\"@type\":\"ListItem\",\"position\":3,\"name\":\"Pasticcini\"}]},{\"@type\":\"WebSite\",\"@id\":\"https:\/\/pasticceriacucchietti.it\/www\/#website\",\"url\":\"https:\/\/pasticceriacucchietti.it\/www\/\",\"name\":\"Pasticceria Caffetteria Cucchietti\",\"description\":\"di Daniele e Nadia, a Dronero (CN)\",\"publisher\":{\"@id\":\"https:\/\/pasticceriacucchietti.it\/www\/#organization\"},\"potentialAction\":[{\"@type\":\"SearchAction\",\"target\":{\"@type\":\"EntryPoint\",\"urlTemplate\":\"https:\/\/pasticceriacucchietti.it\/www\/?s={search_term_string}\"},\"query-input\":{\"@type\":\"PropertyValueSpecification\",\"valueRequired\":true,\"valueName\":\"search_term_string\"}}],\"inLanguage\":\"it-IT\"},{\"@type\":\"Organization\",\"@id\":\"https:\/\/pasticceriacucchietti.it\/www\/#organization\",\"name\":\"Pasticceria Caffetteria Cucchietti\",\"url\":\"https:\/\/pasticceriacucchietti.it\/www\/\",\"logo\":{\"@type\":\"ImageObject\",\"inLanguage\":\"it-IT\",\"@id\":\"https:\/\/pasticceriacucchietti.it\/www\/#\/schema\/logo\/image\/\",\"url\":\"https:\/\/pasticceriacucchietti.it\/www\/images\/2020\/11\/cropped-logo_197x149.png\",\"contentUrl\":\"https:\/\/pasticceriacucchietti.it\/www\/images\/2020\/11\/cropped-logo_197x149.png\",\"width\":197,\"height\":149,\"caption\":\"Pasticceria Caffetteria Cucchietti\"},\"image\":{\"@id\":\"https:\/\/pasticceriacucchietti.it\/www\/#\/schema\/logo\/image\/\"},\"sameAs\":[\"https:\/\/www.facebook.com\/Pasticceria-Cucchietti-114147826980205\/\"]}]}<\/script>\n<!-- \/ Yoast SEO plugin. -->","yoast_head_json":{"title":"Pasticcini - Pasticceria Caffetteria Cucchietti","description":"Vasto assortimento di pasticcini in crema o da t\u00e8.Tutti i nostri prodotti non contengono coloranti n\u00e8 conservanti, e sono preparati con ingredienti di alta qualit\u00e0 e possibilmente a chilometro zero.","robots":{"index":"index","follow":"follow","max-snippet":"max-snippet:-1","max-image-preview":"max-image-preview:large","max-video-preview":"max-video-preview:-1"},"canonical":"https:\/\/pasticceriacucchietti.it\/www\/pasticcini\/","og_locale":"it_IT","og_type":"article","og_title":"Pasticcini - Pasticceria Caffetteria Cucchietti","og_description":"Vasto assortimento di pasticcini in crema o da t\u00e8.Tutti i nostri prodotti non contengono coloranti n\u00e8 conservanti, e sono preparati con ingredienti di alta qualit\u00e0 e possibilmente a chilometro zero.","og_url":"https:\/\/pasticceriacucchietti.it\/www\/pasticcini\/","og_site_name":"Pasticceria Caffetteria Cucchietti","article_publisher":"https:\/\/www.facebook.com\/Pasticceria-Cucchietti-114147826980205\/","article_modified_time":"2026-04-14T16:15:38+00:00","og_image":[{"width":235,"height":235,"url":"https:\/\/pasticceriacucchietti.it\/www\/images\/2019\/05\/pasticcini.jpg","type":"image\/jpeg"}],"twitter_card":"summary_large_image","twitter_misc":{"Tempo di lettura stimato":"1 minuto"},"schema":{"@context":"https:\/\/schema.org","@graph":[{"@type":"WebPage","@id":"https:\/\/pasticceriacucchietti.it\/www\/prodotto\/pasticcini\/","url":"https:\/\/pasticceriacucchietti.it\/www\/pasticcini\/","name":"Pasticcini - Pasticceria Caffetteria Cucchietti","isPartOf":{"@id":"https:\/\/pasticceriacucchietti.it\/www\/#website"},"primaryImageOfPage":{"@id":"https:\/\/pasticceriacucchietti.it\/www\/pasticcini\/#primaryimage"},"image":{"@id":"https:\/\/pasticceriacucchietti.it\/www\/pasticcini\/#primaryimage"},"thumbnailUrl":"https:\/\/pasticceriacucchietti.it\/www\/images\/2019\/05\/pasticcini.jpg","datePublished":"2026-04-12T03:00:24+00:00","dateModified":"2026-04-14T16:15:38+00:00","description":"Vasto assortimento di pasticcini in crema o da t\u00e8.Tutti i nostri prodotti non contengono coloranti n\u00e8 conservanti, e sono preparati con ingredienti di alta qualit\u00e0 e possibilmente a chilometro zero.","breadcrumb":{"@id":"https:\/\/pasticceriacucchietti.it\/www\/pasticcini\/#breadcrumb"},"inLanguage":"it-IT","potentialAction":[{"@type":"ReadAction","target":["https:\/\/pasticceriacucchietti.it\/www\/pasticcini\/"]}]},{"@type":"ImageObject","inLanguage":"it-IT","@id":"https:\/\/pasticceriacucchietti.it\/www\/pasticcini\/#primaryimage","url":"https:\/\/pasticceriacucchietti.it\/www\/images\/2019\/05\/pasticcini.jpg","contentUrl":"https:\/\/pasticceriacucchietti.it\/www\/images\/2019\/05\/pasticcini.jpg","width":235,"height":235,"caption":"Pasticcini Pasticceria Cucchietti Dronero"},{"@type":"BreadcrumbList","@id":"https:\/\/pasticceriacucchietti.it\/www\/pasticcini\/#breadcrumb","itemListElement":[{"@type":"ListItem","position":1,"name":"Home","item":"https:\/\/pasticceriacucchietti.it\/www\/"},{"@type":"ListItem","position":2,"name":"Prodotti","item":"https:\/\/pasticceriacucchietti.it\/www\/shop\/"},{"@type":"ListItem","position":3,"name":"Pasticcini"}]},{"@type":"WebSite","@id":"https:\/\/pasticceriacucchietti.it\/www\/#website","url":"https:\/\/pasticceriacucchietti.it\/www\/","name":"Pasticceria Caffetteria Cucchietti","description":"di Daniele e Nadia, a Dronero (CN)","publisher":{"@id":"https:\/\/pasticceriacucchietti.it\/www\/#organization"},"potentialAction":[{"@type":"SearchAction","target":{"@type":"EntryPoint","urlTemplate":"https:\/\/pasticceriacucchietti.it\/www\/?s={search_term_string}"},"query-input":{"@type":"PropertyValueSpecification","valueRequired":true,"valueName":"search_term_string"}}],"inLanguage":"it-IT"},{"@type":"Organization","@id":"https:\/\/pasticceriacucchietti.it\/www\/#organization","name":"Pasticceria Caffetteria Cucchietti","url":"https:\/\/pasticceriacucchietti.it\/www\/","logo":{"@type":"ImageObject","inLanguage":"it-IT","@id":"https:\/\/pasticceriacucchietti.it\/www\/#\/schema\/logo\/image\/","url":"https:\/\/pasticceriacucchietti.it\/www\/images\/2020\/11\/cropped-logo_197x149.png","contentUrl":"https:\/\/pasticceriacucchietti.it\/www\/images\/2020\/11\/cropped-logo_197x149.png","width":197,"height":149,"caption":"Pasticceria Caffetteria Cucchietti"},"image":{"@id":"https:\/\/pasticceriacucchietti.it\/www\/#\/schema\/logo\/image\/"},"sameAs":["https:\/\/www.facebook.com\/Pasticceria-Cucchietti-114147826980205\/"]}]}},"_links":{"self":[{"href":"https:\/\/pasticceriacucchietti.it\/www\/wp-json\/wp\/v2\/product\/41","targetHints":{"allow":["GET"]}}],"collection":[{"href":"https:\/\/pasticceriacucchietti.it\/www\/wp-json\/wp\/v2\/product"}],"about":[{"href":"https:\/\/pasticceriacucchietti.it\/www\/wp-json\/wp\/v2\/types\/product"}],"replies":[{"embeddable":true,"href":"https:\/\/pasticceriacucchietti.it\/www\/wp-json\/wp\/v2\/comments?post=41"}],"wp:featuredmedia":[{"embeddable":true,"href":"https:\/\/pasticceriacucchietti.it\/www\/wp-json\/wp\/v2\/media\/71"}],"wp:attachment":[{"href":"https:\/\/pasticceriacucchietti.it\/www\/wp-json\/wp\/v2\/media?parent=41"}],"wp:term":[{"taxonomy":"product_brand","embeddable":true,"href":"https:\/\/pasticceriacucchietti.it\/www\/wp-json\/wp\/v2\/product_brand?post=41"},{"taxonomy":"product_cat","embeddable":true,"href":"https:\/\/pasticceriacucchietti.it\/www\/wp-json\/wp\/v2\/product_cat?post=41"},{"taxonomy":"product_tag","embeddable":true,"href":"https:\/\/pasticceriacucchietti.it\/www\/wp-json\/wp\/v2\/product_tag?post=41"}],"curies":[{"name":"wp","href":"https:\/\/api.w.org\/{rel}","templated":true}]}}